{"id":2,"date":"2023-09-26T09:06:08","date_gmt":"2023-09-26T09:06:08","guid":{"rendered":"https:\/\/biophysics.pmfst.unist.hr\/?page_id=2"},"modified":"2024-04-29T10:51:24","modified_gmt":"2024-04-29T08:51:24","slug":"izjava-o-pristupacnosti","status":"publish","type":"page","link":"https:\/\/biophysics.pmfst.unist.hr\/en\/izjava-o-pristupacnosti\/","title":{"rendered":"Izjava o pristupa\u010dnosti"},"content":{"rendered":"\n<p>Doktorski studij BIOFIZIKE obavezan je osigurati pristupa\u010dnost svojih mre\u017enih stranica u skladu sa Zakonom o pristupa\u010dnosti mre\u017enih stranica i programskih rje\u0161enja za pokretne ure\u0111aje tijela javnog sektora Republike Hrvatske (NN 17\/19) od 23. rujna 2019., kojim se u nacionalno zakonodavstvo preuzima Direktiva (EU) 2016\/2102 Europskog parlamenta i Vije\u0107a o pristupa\u010dnosti internetskih stranica i mobilnih aplikacija tijela javnog sektora. Ova Izjava o pristupa\u010dnosti odnosi se na mre\u017ene stranice unutar domene www.dvdm.hr<\/p>\n\n\n\n<p><strong>STATUS USKLA\u0110ENOSTI<\/strong><\/p>\n\n\n\n<p>Mre\u017ene stranice Doktorskog studija BIOFIZIKE djelomi\u010dno su uskla\u0111ene Zakonom o pristupa\u010dnosti mre\u017enih stranica i programskih rje\u0161enja za pokretne ure\u0111aje tijela javnog sektora. Ispunjen je dio europske norme EN 301 549 V2.1.2 (2018-08), i to na sljede\u0107i na\u010din:<\/p>\n\n\n\n<ul class=\"wp-block-list\">\n<li>Pristupa\u010dnost na mre\u017enoj stranici <a href=\"https:\/\/biophysics.pmfst.unist.hr\/\">https:\/\/biophysics.pmfst.unist.hr\/<\/a> je osigurana dodavanjem postavke pristupa\u010dnosti. Ova postavka omogu\u0107uje mre\u017enoj stranici <a href=\"https:\/\/biophysics.pmfst.unist.hr\/\">https:\/\/biophysics.pmfst.unist.hr\/<\/a> da pobolj\u0161a svoju uskla\u0111enost sa Smjernicama o pristupa\u010dnosti web sadr\u017eaja (WCAG 2.1 Web Content Accessibility Guidelines), te Zakonom o pristupa\u010dnosti. Postavka pristupa\u010dnosti mo\u017ee se aktivirati klikom na ikonu izbornika pristupa\u010dnosti koja se pojavljuje u zaglavlju mre\u017ene stranice s lijeve strane ekrana u obliku ikone invalidnosti. Nakon pokretanja izbornika pristupa\u010dnosti, pri\u010dekajte trenutak da se izbornik pristupa\u010dnosti potpuno u\u010dita. Nakon \u0161to se izbornik potpuno u\u010dita, mo\u017eete odabrati devet ponu\u0111enih opcija (pove\u0107anje teksta (ve\u0107i font), smanjivanje teksta (manji font), sivi tonovi, visoki kontrast boja, negativni kontrast, svijetla pozadina, podcrtani linkovi, \u010ditljiv font (pove\u0107anje fonta na preporu\u010dene dimenzije), te resetiranje svih odabranih opcija).<\/li>\n\n\n\n<li>Sve stranice unutar domene dvdm.hr su pregledne i prilago\u0111ene kontrastu boja izme\u0111u boje teksta i boje pozadine. Isto tako svi fontovi su prilago\u0111eni da se pove\u0107avaju zajedno sa kori\u0161tenjem pove\u0107anja stranice odabirom funkcije zoom odre\u0111enog internet preglednika.<\/li>\n\n\n\n<li>Glavni izbornik mogu\u0107e je koristiti upotrebom tipke TAB na tipkovnici.<\/li>\n\n\n\n<li>Tekstovi su poravnati lijevo kako bi osobe s poreme\u0107ajima koncentracije lak\u0161e \u010ditale.<\/li>\n\n\n\n<li>Stranicom se mo\u017ee upravljati posredstvom tipkovnice.<\/li>\n\n\n\n<li>Objavljeni tekstovi su u fontu kojeg razumiju glasovni \u010dita\u010di tekstova, koji se mo\u017ee pove\u0107ati i smanjiti posredstvom Izbornika pristupa\u010dnosti, te besplatnim ekstenzijama koje je mogu\u0107e ugraditi u internet preglednike.<\/li>\n\n\n\n<li>Na stranici nema obrazaca ili skripti \u010dije izvo\u0111enje je vremenski ograni\u010deno.<\/li>\n\n\n\n<li>Stranica je responzivna i prilago\u0111ena prikazima na svim ure\u0111ajima.<\/li>\n\n\n\n<li>Na stranici nema automatske izmjene jezika tekstova koja bi zbunjivala korisnike.<\/li>\n\n\n\n<li>Zbog bolje \u010ditljivosti i lak\u0161eg snala\u017eenja posebna je pozornost posve\u0107ena razmacima me\u0111u elementima na stranici te dosljednosti navigacije, a isto je mogu\u0107e dodatno regulirat kroz Izbornik pristupa\u010dnosti.<\/li>\n\n\n\n<li>Korisnik u svakom trenutku zna gdje se nalazi na stranici.<\/li>\n\n\n\n<li>Mre\u017ena stranica Doktorskog studija BIOFIZIKE djelomi\u010dno optimizirana je za novije generacije Internet preglednika:\n<ul class=\"wp-block-list\">\n<li>Microsoft Edge<\/li>\n\n\n\n<li>Google Chrome<\/li>\n\n\n\n<li>Mozilla Firefox<\/li>\n<\/ul>\n<\/li>\n\n\n\n<li>Ovisno o pregledniku i vrsti pomo\u0107ne tehnologije, mo\u017ee do\u0107i do manjih odstupanja u prikazu stranice.<\/li>\n<\/ul>\n\n\n\n<p><strong>NEPRISTUPA\u010cNI SADR\u017dAJ<\/strong><\/p>\n\n\n\n<p>Iznimke od uskla\u0111enosti sa Zakonom o pristupa\u010dnosti, prema \u010detiri op\u0107a zahtjeva za osiguranje pristupa\u010dnosti \u2013 mogu\u0107nost opa\u017eanja, operabilnost, razumljivost i stabilnost \u2013 o\u010dituju se u sljede\u0107im dijelovima sadr\u017eaja:<\/p>\n\n\n\n<ul class=\"wp-block-list\">\n<li>pojedine .pdf datoteke sadr\u017eane u objavama nisu u cijelosti nastale izvozom iz izvori\u0161ne datoteke iz alata Microsoft Office Word uz odabir opcija za pristupa\u010dnost, ve\u0107 skeniranjem tiskanih dokumenata, odnosno nisu pristupa\u010dne jer nisu prikladno pripremljene za \u010dita\u010de ekrana;<\/li>\n\n\n\n<li>pojedini Microsoft Office dokumenti su objavljeni u obliku koji nije \u010ditljiv \u010dita\u010du ekrana;<\/li>\n\n\n\n<li>dio slika nema prikladan tekstualni opis (alt tekst);<\/li>\n\n\n\n<li>pojedine poveznice nemaju prikladne opise i ne pru\u017eaju konkretne informacije o sadr\u017eaju na koji vode;<\/li>\n<\/ul>\n\n\n\n<p><strong>PODIZANJE RAZINE PRISTUPA\u010cNOSTI<\/strong><\/p>\n\n\n\n<p>Doktorskog studija BIOFIZIKE djelomi\u010dno \u0107e u najve\u0107oj mogu\u0107oj mjeri provoditi korektivne mjere za rje\u0161avanje problema nepristupa\u010dnog sadr\u017eaja mre\u017enih stranica <a href=\"https:\/\/biophysics.pmfst.unist.hr\/ j\">https:\/\/biophysics.pmfst.unist.hr\/<\/a> .<\/p>\n\n\n\n<p>U daljnjoj nadogradnji mre\u017enih stranica <a href=\"https:\/\/biophysics.pmfst.unist.hr\/ j\">https:\/\/biophysics.pmfst.unist.hr\/<\/a> implementirat \u0107e i sve ostale preporuke za unaprje\u0111enje pristupa\u010dnosti i nastojati podi\u0107i razinu pristupa\u010dnosti u najve\u0107oj mogu\u0107oj mjeri.<\/p>\n\n\n\n<p><strong>PRIPREMA OVE IZJAVE O PRISTUPA\u010cNOSTI<\/strong><\/p>\n\n\n\n<p>Ova Izjava pripremljena je dana 23. rujna 2020. godine, sukladno Predlo\u0161ku izjave o pristupa\u010dnosti koji je u skladu s Direktivom (EU) 2016\/2102 Europskog parlamenta i Vije\u0107a o pristupa\u010dnosti internetskih stranica i mobilnih aplikacija tijela javnog sektora, a utvr\u0111en je Provedbenom odlukom komisije EU 2018\/1523 11. listopada 2018.<\/p>\n\n\n\n<p>Za pripremu ove Izjave kori\u0161tena je metoda samoprocjene slu\u017ebenika Doktorskog studija BIOFIZIKE, a u suradnji s odr\u017eavateljima mre\u017ene stranice.<\/p>\n\n\n\n<p><strong>POVRATNE INFORMACIJE I PODACI ZA KONTAKT<\/strong><\/p>\n\n\n\n<p>Molimo korisnike ovih mre\u017enih stranica da, ako primijete neuskla\u0111en sadr\u017eaj, koji nije obuhva\u0107en ovom izjavom, da o tome obavijeste Doktorski studij BIOFIZIKE.<\/p>\n\n\n\n<p>Sve upite vezane uz pristupa\u010dnost mre\u017enog sjedi\u0161ta Doktorskog studija BIOFIZIKE korisnici mogu uputiti: putem elektroni\u010dke po\u0161te: <a href=\"mailto:dkovacic@pmfst.hr\" target=\"_blank\" rel=\"noreferrer noopener\">dkovacic@pmfst.hr<\/a><\/p>\n\n\n\n<p>putem kontakt obrasca na web stranicama ili po\u0161tom na adresu:<br><\/p>\n\n\n\n<p>Ru\u0111era Bo\u0161kovi\u0107a 33,<br>21000 Split, Croatia<br><br><\/p>\n\n\n\n<p><strong>POSTUPAK PRA\u0106ENJA PROVEDBE PROPISA<\/strong><\/p>\n\n\n\n<p>Tijelo nadle\u017eno za pra\u0107enje uskla\u0111enosti mre\u017enih stranica i programskih rje\u0161enja za pokretne ure\u0111aje tijela javnog sektora sa zahtjevima pristupa\u010dnosti i nadzor nad provedbom Zakona o pristupa\u010dnosti je Povjerenik za informiranje Republike Hrvatske.<\/p>\n\n\n\n<p>U slu\u010daju nezadovoljavaju\u0107ih odgovora na obavijest ili zahtjev za povratne informacije o pristupa\u010dnosti ovih mre\u017enih stranica, korisnici se mogu obratiti Povjereniku za informiranje putem telefona broj +385 (0) 1 4609 041 ili putem elektroni\u010dke po\u0161te: pristupacnost@pristupinfo.hr.<\/p>\n","protected":false},"excerpt":{"rendered":"<p>Doktorski studij BIOFIZIKE obavezan je osigurati pristupa\u010dnost svojih mre\u017enih stranica u skladu sa Zakonom o pristupa\u010dnosti mre\u017enih stranica i programskih rje\u0161enja za pokretne ure\u0111aje tijela javnog sektora Republike Hrvatske (NN 17\/19) od 23. rujna 2019., kojim se u nacionalno zakonodavstvo preuzima Direktiva (EU) 2016\/2102 Europskog parlamenta i Vije\u0107a o pristupa\u010dnosti internetskih stranica i mobilnih aplikacija<\/p>\n","protected":false},"author":1,"featured_media":0,"parent":0,"menu_order":0,"comment_status":"closed","ping_status":"open","template":"","meta":{"_acf_changed":false,"footnotes":""},"categories":[],"tags":[],"class_list":["post-2","page","type-page","status-publish","hentry"],"acf":[],"_links":{"self":[{"href":"https:\/\/biophysics.pmfst.unist.hr\/en\/wp-json\/wp\/v2\/pages\/2","targetHints":{"allow":["GET"]}}],"collection":[{"href":"https:\/\/biophysics.pmfst.unist.hr\/en\/wp-json\/wp\/v2\/pages"}],"about":[{"href":"https:\/\/biophysics.pmfst.unist.hr\/en\/wp-json\/wp\/v2\/types\/page"}],"author":[{"embeddable":true,"href":"https:\/\/biophysics.pmfst.unist.hr\/en\/wp-json\/wp\/v2\/users\/1"}],"replies":[{"embeddable":true,"href":"https:\/\/biophysics.pmfst.unist.hr\/en\/wp-json\/wp\/v2\/comments?post=2"}],"version-history":[{"count":1,"href":"https:\/\/biophysics.pmfst.unist.hr\/en\/wp-json\/wp\/v2\/pages\/2\/revisions"}],"predecessor-version":[{"id":1672,"href":"https:\/\/biophysics.pmfst.unist.hr\/en\/wp-json\/wp\/v2\/pages\/2\/revisions\/1672"}],"wp:attachment":[{"href":"https:\/\/biophysics.pmfst.unist.hr\/en\/wp-json\/wp\/v2\/media?parent=2"}],"wp:term":[{"taxonomy":"category","embeddable":true,"href":"https:\/\/biophysics.pmfst.unist.hr\/en\/wp-json\/wp\/v2\/categories?post=2"},{"taxonomy":"post_tag","embeddable":true,"href":"https:\/\/biophysics.pmfst.unist.hr\/en\/wp-json\/wp\/v2\/tags?post=2"}],"curies":[{"name":"wp","href":"https:\/\/api.w.org\/{rel}","templated":true}]}}