{"id":806,"date":"2023-10-12T09:17:59","date_gmt":"2023-10-12T07:17:59","guid":{"rendered":"https:\/\/biophysics.pmfst.unist.hr\/?page_id=806"},"modified":"2024-05-06T12:33:58","modified_gmt":"2024-05-06T10:33:58","slug":"contact","status":"publish","type":"page","link":"https:\/\/biophysics.pmfst.unist.hr\/en\/contact\/","title":{"rendered":"Contact"},"content":{"rendered":"\n<div class=\"wp-block-columns is-layout-flex wp-container-core-columns-is-layout-9d6595d7 wp-block-columns-is-layout-flex\">\n<div class=\"wp-block-column is-layout-flow wp-block-column-is-layout-flow\" style=\"flex-basis:33.33%\">\n<p><strong>Doctoral Study Head:&nbsp;<\/strong><br>Associate Professor Damir Kova\u010di\u0107, PhD<br><a href=\"mailto:dkovacic@pmfst.hr\" target=\"_blank\" rel=\"noreferrer noopener\">dkovacic@pmfst.hr<\/a><\/p>\n\n\n\n<p><strong>Deputy Doctoral Study Head:&nbsp;<\/strong><br>Associate Professor Larisa Zorani\u0107, PhD<br><a href=\"mailto:larisaz@pmfst.hr\" target=\"_blank\" rel=\"noreferrer noopener\">larisaz@pmfst.hr<\/a><\/p>\n\n\n\n<p><strong>Head of Administration:<\/strong><br>Irena Duki\u0107, PhD<br><a href=\"mailto:irena.dukic@pmfst.hr\">irena.dukic@pmfst.hr<\/a><br>Office B3-22<\/p>\n\n\n\n<p><strong>Find us:<\/strong><br>Ru\u0111era Bo\u0161kovi\u0107a 33,<br>21000 Split, Croatia<\/p>\n<\/div>\n\n\n\n<div class=\"wp-block-column is-layout-flow wp-block-column-is-layout-flow\" style=\"flex-basis:66.66%\">\n<iframe src=\"https:\/\/www.google.com\/maps\/embed?pb=!1m18!1m12!1m3!1d2893.536854048664!2d16.46591887725768!3d43.51199646155056!2m3!1f0!2f0!3f0!3m2!1i1024!2i768!4f13.1!3m3!1m2!1s0x13355e3cc029aa5b%3A0x3d001f59ef3a4479!2zVWwuIFJ1xJFlcmEgQm_FoWtvdmnEh2EgMzMsIDIxMDAwLCBTcGxpdA!5e0!3m2!1sen!2shr!4v1697801982513!5m2!1sen!2shr\" width=\"100%\" height=\"450\" style=\"border:0;\" allowfullscreen=\"\" loading=\"lazy\" referrerpolicy=\"no-referrer-when-downgrade\"><\/iframe>\n<\/div>\n<\/div>\n\n\n\n<p><\/p>\n","protected":false},"excerpt":{"rendered":"<p>Doctoral Study Head:&nbsp;Associate Professor Damir Kova\u010di\u0107, PhDdkovacic@pmfst.hr Deputy Doctoral Study Head:&nbsp;Associate Professor Larisa Zorani\u0107, PhDlarisaz@pmfst.hr Head of Administration:Irena Duki\u0107, PhDirena.dukic@pmfst.hrOffice B3-22 Find us:Ru\u0111era Bo\u0161kovi\u0107a 33,21000 Split, Croatia<\/p>\n","protected":false},"author":1,"featured_media":0,"parent":0,"menu_order":0,"comment_status":"closed","ping_status":"closed","template":"","meta":{"_acf_changed":false,"footnotes":""},"categories":[],"tags":[],"class_list":["post-806","page","type-page","status-publish","hentry"],"acf":[],"_links":{"self":[{"href":"https:\/\/biophysics.pmfst.unist.hr\/en\/wp-json\/wp\/v2\/pages\/806","targetHints":{"allow":["GET"]}}],"collection":[{"href":"https:\/\/biophysics.pmfst.unist.hr\/en\/wp-json\/wp\/v2\/pages"}],"about":[{"href":"https:\/\/biophysics.pmfst.unist.hr\/en\/wp-json\/wp\/v2\/types\/page"}],"author":[{"embeddable":true,"href":"https:\/\/biophysics.pmfst.unist.hr\/en\/wp-json\/wp\/v2\/users\/1"}],"replies":[{"embeddable":true,"href":"https:\/\/biophysics.pmfst.unist.hr\/en\/wp-json\/wp\/v2\/comments?post=806"}],"version-history":[{"count":15,"href":"https:\/\/biophysics.pmfst.unist.hr\/en\/wp-json\/wp\/v2\/pages\/806\/revisions"}],"predecessor-version":[{"id":1801,"href":"https:\/\/biophysics.pmfst.unist.hr\/en\/wp-json\/wp\/v2\/pages\/806\/revisions\/1801"}],"wp:attachment":[{"href":"https:\/\/biophysics.pmfst.unist.hr\/en\/wp-json\/wp\/v2\/media?parent=806"}],"wp:term":[{"taxonomy":"category","embeddable":true,"href":"https:\/\/biophysics.pmfst.unist.hr\/en\/wp-json\/wp\/v2\/categories?post=806"},{"taxonomy":"post_tag","embeddable":true,"href":"https:\/\/biophysics.pmfst.unist.hr\/en\/wp-json\/wp\/v2\/tags?post=806"}],"curies":[{"name":"wp","href":"https:\/\/api.w.org\/{rel}","templated":true}]}}